{"id":65,"date":"2016-04-11T08:25:29","date_gmt":"2016-04-11T08:25:29","guid":{"rendered":"https:\/\/madisonsquarefamilydental.com\/\/?page_id=65"},"modified":"2024-01-18T22:43:50","modified_gmt":"2024-01-18T22:43:50","slug":"home","status":"publish","type":"page","link":"https:\/\/madisonsquarefamilydental.com\/es\/","title":{"rendered":"Inicio"},"content":{"rendered":"<p class=\"has-black-color has-text-color has-link-color has-medium-font-size wp-elements-30cedf3426ea85a5c44a2ac39d3f6e0b\" style=\"text-decoration:none;text-transform:none\">En Madison Square Family Dental, somos su dentista familiar y de emergencia integral que ofrece servicios dentales de calidad a un precio asequible. Estamos orgullosos de prestar servicios en las siguientes \u00e1reas y m\u00e1s all\u00e1: Nashville, Antioch, LaVergne, Smyrna y Murfreesboro, TN. Nos enorgullecemos de brindar una experiencia excepcional al paciente en cada paso del camino. Ya sea que est\u00e9 buscando un dentista de emergencia o establecer un consultorio dental, Madison Square Family Dental lo atender\u00e1 bien. Se aceptan la mayor\u00eda de los seguros importantes. Se encuentran disponibles planes de pago internos flexibles y sin intereses, as\u00ed como compa\u00f1\u00edas financieras de terceros, como CareCredit. Por favor ll\u00e1menos al <a href=\"tel:615-280-6074\">615-280-6074<\/a>.<\/p>\n\n\n\n<p class=\"has-black-color has-text-color has-link-color has-medium-font-size wp-elements-c13c5f6e378a754aafbb17d048b53df6\">Ofrecemos limpiezas dentales peri\u00f3dicas, empastes, extracciones, endodoncias y muchos otros servicios para que usted deje de sentir dolor y vuelva a sonre\u00edr. Las citas dentales de emergencia el mismo d\u00eda siempre son bienvenidas. Ll\u00e1menos al <a href=\"tel:615-280-6074\">615-280-6074<\/a>.<\/p>\n\n\n\n<hr class=\"wp-block-separator has-text-color has-light-green-cyan-color has-alpha-channel-opacity has-light-green-cyan-background-color has-background is-style-wide\"\/>\n\n\n\n<div class=\"wp-block-columns is-layout-flex wp-container-core-columns-is-layout-9d6595d7 wp-block-columns-is-layout-flex\">\n<div class=\"wp-block-column is-layout-flow wp-block-column-is-layout-flow\" style=\"flex-basis:33.33%\">\n\n\n\n<p class=\"has-black-color has-text-color has-medium-font-size\">HORAS<\/p>\n\n\n<ul class=\"opening-hours-list wp-block-list\">\n  <li class=\"has-black-color has-text-color has-medium-font-size\">\n    <span class=\"day-name\">Monday<\/span>\n    <span class=\"opening-time\">9am to 5pm<\/span>\n  <\/li>\n\n\n\n  <li class=\"has-black-color has-text-color has-medium-font-size\">\n    <span class=\"day-name\">Tuesday<\/span>\n    <span class=\"opening-time\">9am to 5pm<\/span>\n  <\/li>\n\n\n\n  <li class=\"has-black-color has-text-color has-medium-font-size\">\n    <span class=\"day-name\">Wednesday<\/span>\n    <span class=\"opening-time\">9am to 5pm<\/span>\n  <\/li>\n\n\n\n  <li class=\"has-black-color has-text-color has-medium-font-size\">\n    <span class=\"day-name\">Thursday<\/span>\n    <span class=\"opening-time\">9am to 5pm<\/span>\n  <\/li>\n\n\n\n  <li class=\"has-black-color has-text-color has-medium-font-size\">\n    <span class=\"day-name\">Friday<\/span>\n    <span class=\"opening-time\">9am to 5pm<\/span>\n  <\/li>\n\n\n\n  <li class=\"has-black-color has-text-color has-medium-font-size\">\n    <span class=\"day-name\">Saturday<\/span>\n    <span class=\"opening-time\">9am to 1pm<\/span>\n  <\/li>\n\n\n\n  <li class=\"has-black-color has-text-color has-medium-font-size\">\n    <span class=\"day-name\">Sunday<\/span>\n    <span class=\"opening-time\">CLOSED<\/span>\n  <\/li>\n<\/ul>\n\n<\/div>\n\n\n\n<div class=\"wp-block-column is-layout-flow wp-block-column-is-layout-flow\" style=\"flex-basis:66.66%\">\n<div class=\"wp-block-columns is-layout-flex wp-container-core-columns-is-layout-9d6595d7 wp-block-columns-is-layout-flex\">\n<div class=\"wp-block-column is-layout-flow wp-block-column-is-layout-flow\">\n<p class=\"has-black-color has-text-color has-link-color has-medium-font-size wp-elements-7590e85746cf16ceec964c038aa7301a\"><strong>Emergencia Dental<\/strong><br>Si est\u00e1 buscando un dentista de urgencia que le saque el dolor, llame <a href=\"tel:615-280-6074\">615-280-6074<\/a> o simplemente ac\u00e9rquese. Las citas y la odontolog\u00eda el mismo d\u00eda siempre est\u00e1n disponibles. No permita que la pr\u00f3xima emergencia dental arruine su d\u00eda.<\/p>\n<\/div>\n\n\n\n<div class=\"wp-block-column is-layout-flow wp-block-column-is-layout-flow\">\n<p class=\"has-black-color has-text-color has-link-color has-medium-font-size wp-elements-6635e116047cf6a66d388173587d0370\"><strong>Atenci\u00f3n Dental Familiar<\/strong><br>Ofrecemos una amplia variedad de servicios dentales para cuidar de usted y su familia. Desde procedimientos simples como limpiezas, blanqueamientos, empastes y coronas hasta procedimientos m\u00e1s avanzados como endodoncias, extracciones quir\u00fargicas y extracci\u00f3n de muelas del juicio. Podemos ayudarle a lograr los resultados que desea. Tanto los pacientes con como sin seguro son bienvenidos. Se encuentran disponibles citas y odontolog\u00eda el mismo d\u00eda.<br>Por favor ll\u00e1menos al <a href=\"tel:615-280-6074\">615-280-6074<\/a>.<\/p>\n<\/div>\n<\/div>\n<\/div>\n<\/div>","protected":false},"excerpt":{"rendered":"<p>At Madison Square Family Dental, we are your one-stop family and emergency dentist that offers quality dental services at an affordable price. We proudly serve the following areas and beyond: Nashville, Antioch, LaVergne, Smyrna, and Murfreesboro, TN. We pride ourselves on delivering exceptional patient experience every step of the way. Whether you are looking for [&hellip;]<\/p>\n","protected":false},"author":1,"featured_media":0,"parent":0,"menu_order":0,"comment_status":"closed","ping_status":"closed","template":"","meta":{"footnotes":""},"class_list":["post-65","page","type-page","status-publish","hentry"],"yoast_head":"<!-- This site is optimized with the Yoast SEO plugin v21.7 - https:\/\/yoast.com\/wordpress\/plugins\/seo\/ -->\n<title>Dental Office in La Vergne, TN<\/title>\n<meta name=\"description\" content=\"Neighborhood dental office in La Vergne, TN offering weekend appointments as well affordable financing options. Most insurance plans accepted.\" \/>\n<meta name=\"robots\" content=\"index, follow, max-snippet:-1, max-image-preview:large, max-video-preview:-1\" \/>\n<link rel=\"canonical\" href=\"https:\/\/madisonsquarefamilydental.com\/es\/\" \/>\n<meta property=\"og:locale\" content=\"es_MX\" \/>\n<meta property=\"og:type\" content=\"article\" \/>\n<meta property=\"og:title\" content=\"Dental Office in La Vergne, TN\" \/>\n<meta property=\"og:description\" content=\"Neighborhood dental office in La Vergne, TN offering weekend appointments as well affordable financing options. Most insurance plans accepted.\" \/>\n<meta property=\"og:url\" content=\"https:\/\/madisonsquarefamilydental.com\/es\/\" \/>\n<meta property=\"og:site_name\" content=\"615-280-6074\" \/>\n<meta property=\"article:publisher\" content=\"https:\/\/www.facebook.com\/MadisonSquareFamilyDental\/\" \/>\n<meta property=\"article:modified_time\" content=\"2024-01-18T22:43:50+00:00\" \/>\n<meta name=\"twitter:card\" content=\"summary_large_image\" \/>\n<meta name=\"twitter:label1\" content=\"Tiempo de lectura\" \/>\n\t<meta name=\"twitter:data1\" content=\"2 minutos\" \/>\n<script type=\"application\/ld+json\" class=\"yoast-schema-graph\">{\"@context\":\"https:\/\/schema.org\",\"@graph\":[{\"@type\":\"WebPage\",\"@id\":\"https:\/\/madisonsquarefamilydental.com\/en\/\",\"url\":\"https:\/\/madisonsquarefamilydental.com\/en\/\",\"name\":\"Dental Office in La Vergne, TN\",\"isPartOf\":{\"@id\":\"https:\/\/madisonsquarefamilydental.com\/en\/#website\"},\"datePublished\":\"2016-04-11T08:25:29+00:00\",\"dateModified\":\"2024-01-18T22:43:50+00:00\",\"description\":\"Neighborhood dental office in La Vergne, TN offering weekend appointments as well affordable financing options. Most insurance plans accepted.\",\"breadcrumb\":{\"@id\":\"https:\/\/madisonsquarefamilydental.com\/en\/#breadcrumb\"},\"inLanguage\":\"es\",\"potentialAction\":[{\"@type\":\"ReadAction\",\"target\":[\"https:\/\/madisonsquarefamilydental.com\/en\/\"]}]},{\"@type\":\"BreadcrumbList\",\"@id\":\"https:\/\/madisonsquarefamilydental.com\/en\/#breadcrumb\",\"itemListElement\":[{\"@type\":\"ListItem\",\"position\":1,\"name\":\"Home\",\"item\":\"https:\/\/madisonsquarefamilydental.com\/en\/\"},{\"@type\":\"ListItem\",\"position\":2,\"name\":\"Home\"}]},{\"@type\":\"WebSite\",\"@id\":\"https:\/\/madisonsquarefamilydental.com\/en\/#website\",\"url\":\"https:\/\/madisonsquarefamilydental.com\/en\/\",\"name\":\"615-280-6074\",\"description\":\"1925 Madison Square Blvd, Suite 500, LaVergne, TN 37086\",\"publisher\":{\"@id\":\"https:\/\/madisonsquarefamilydental.com\/en\/#organization\"},\"potentialAction\":[{\"@type\":\"SearchAction\",\"target\":{\"@type\":\"EntryPoint\",\"urlTemplate\":\"https:\/\/madisonsquarefamilydental.com\/en\/?s={search_term_string}\"},\"query-input\":\"required name=search_term_string\"}],\"inLanguage\":\"es\"},{\"@type\":\"Organization\",\"@id\":\"https:\/\/madisonsquarefamilydental.com\/en\/#organization\",\"name\":\"Madison Square Family Dental\",\"url\":\"https:\/\/madisonsquarefamilydental.com\/en\/\",\"logo\":{\"@type\":\"ImageObject\",\"inLanguage\":\"es\",\"@id\":\"https:\/\/madisonsquarefamilydental.com\/en\/#\/schema\/logo\/image\/\",\"url\":\"https:\/\/madisonsquarefamilydental.com\/wp-content\/uploads\/2017\/02\/logotype-v2.png\",\"contentUrl\":\"https:\/\/madisonsquarefamilydental.com\/wp-content\/uploads\/2017\/02\/logotype-v2.png\",\"width\":102,\"height\":91,\"caption\":\"Madison Square Family Dental\"},\"image\":{\"@id\":\"https:\/\/madisonsquarefamilydental.com\/en\/#\/schema\/logo\/image\/\"},\"sameAs\":[\"https:\/\/www.facebook.com\/MadisonSquareFamilyDental\/\"]}]}<\/script>\n<!-- \/ Yoast SEO plugin. -->","yoast_head_json":{"title":"Dental Office in La Vergne, TN","description":"Neighborhood dental office in La Vergne, TN offering weekend appointments as well affordable financing options. Most insurance plans accepted.","robots":{"index":"index","follow":"follow","max-snippet":"max-snippet:-1","max-image-preview":"max-image-preview:large","max-video-preview":"max-video-preview:-1"},"canonical":"https:\/\/madisonsquarefamilydental.com\/es\/","og_locale":"es_MX","og_type":"article","og_title":"Dental Office in La Vergne, TN","og_description":"Neighborhood dental office in La Vergne, TN offering weekend appointments as well affordable financing options. Most insurance plans accepted.","og_url":"https:\/\/madisonsquarefamilydental.com\/es\/","og_site_name":"615-280-6074","article_publisher":"https:\/\/www.facebook.com\/MadisonSquareFamilyDental\/","article_modified_time":"2024-01-18T22:43:50+00:00","twitter_card":"summary_large_image","twitter_misc":{"Tiempo de lectura":"2 minutos"},"schema":{"@context":"https:\/\/schema.org","@graph":[{"@type":"WebPage","@id":"https:\/\/madisonsquarefamilydental.com\/en\/","url":"https:\/\/madisonsquarefamilydental.com\/en\/","name":"Dental Office in La Vergne, TN","isPartOf":{"@id":"https:\/\/madisonsquarefamilydental.com\/en\/#website"},"datePublished":"2016-04-11T08:25:29+00:00","dateModified":"2024-01-18T22:43:50+00:00","description":"Neighborhood dental office in La Vergne, TN offering weekend appointments as well affordable financing options. Most insurance plans accepted.","breadcrumb":{"@id":"https:\/\/madisonsquarefamilydental.com\/en\/#breadcrumb"},"inLanguage":"es","potentialAction":[{"@type":"ReadAction","target":["https:\/\/madisonsquarefamilydental.com\/en\/"]}]},{"@type":"BreadcrumbList","@id":"https:\/\/madisonsquarefamilydental.com\/en\/#breadcrumb","itemListElement":[{"@type":"ListItem","position":1,"name":"Home","item":"https:\/\/madisonsquarefamilydental.com\/en\/"},{"@type":"ListItem","position":2,"name":"Home"}]},{"@type":"WebSite","@id":"https:\/\/madisonsquarefamilydental.com\/en\/#website","url":"https:\/\/madisonsquarefamilydental.com\/en\/","name":"615-280-6074","description":"1925 Madison Square Blvd, Suite 500, LaVergne, TN 37086","publisher":{"@id":"https:\/\/madisonsquarefamilydental.com\/en\/#organization"},"potentialAction":[{"@type":"SearchAction","target":{"@type":"EntryPoint","urlTemplate":"https:\/\/madisonsquarefamilydental.com\/en\/?s={search_term_string}"},"query-input":"required name=search_term_string"}],"inLanguage":"es"},{"@type":"Organization","@id":"https:\/\/madisonsquarefamilydental.com\/en\/#organization","name":"Madison Square Family Dental","url":"https:\/\/madisonsquarefamilydental.com\/en\/","logo":{"@type":"ImageObject","inLanguage":"es","@id":"https:\/\/madisonsquarefamilydental.com\/en\/#\/schema\/logo\/image\/","url":"https:\/\/madisonsquarefamilydental.com\/wp-content\/uploads\/2017\/02\/logotype-v2.png","contentUrl":"https:\/\/madisonsquarefamilydental.com\/wp-content\/uploads\/2017\/02\/logotype-v2.png","width":102,"height":91,"caption":"Madison Square Family Dental"},"image":{"@id":"https:\/\/madisonsquarefamilydental.com\/en\/#\/schema\/logo\/image\/"},"sameAs":["https:\/\/www.facebook.com\/MadisonSquareFamilyDental\/"]}]}},"_links":{"self":[{"href":"https:\/\/madisonsquarefamilydental.com\/es\/wp-json\/wp\/v2\/pages\/65","targetHints":{"allow":["GET"]}}],"collection":[{"href":"https:\/\/madisonsquarefamilydental.com\/es\/wp-json\/wp\/v2\/pages"}],"about":[{"href":"https:\/\/madisonsquarefamilydental.com\/es\/wp-json\/wp\/v2\/types\/page"}],"author":[{"embeddable":true,"href":"https:\/\/madisonsquarefamilydental.com\/es\/wp-json\/wp\/v2\/users\/1"}],"replies":[{"embeddable":true,"href":"https:\/\/madisonsquarefamilydental.com\/es\/wp-json\/wp\/v2\/comments?post=65"}],"version-history":[{"count":87,"href":"https:\/\/madisonsquarefamilydental.com\/es\/wp-json\/wp\/v2\/pages\/65\/revisions"}],"predecessor-version":[{"id":1683,"href":"https:\/\/madisonsquarefamilydental.com\/es\/wp-json\/wp\/v2\/pages\/65\/revisions\/1683"}],"wp:attachment":[{"href":"https:\/\/madisonsquarefamilydental.com\/es\/wp-json\/wp\/v2\/media?parent=65"}],"curies":[{"name":"wp","href":"https:\/\/api.w.org\/{rel}","templated":true}]}}