{"id":1107,"date":"2016-11-14T12:13:32","date_gmt":"2016-11-14T12:13:32","guid":{"rendered":"https:\/\/madisonsquarefamilydental.com\/?page_id=1107"},"modified":"2023-12-28T06:35:55","modified_gmt":"2023-12-28T06:35:55","slug":"financial","status":"publish","type":"page","link":"https:\/\/madisonsquarefamilydental.com\/es\/financial\/","title":{"rendered":"Fiscal"},"content":{"rendered":"<p class=\"has-black-color has-text-color has-link-color has-medium-font-size wp-elements-3de80c8673810e73bf806772ba3b194a\">En Madison Square Family Dental, nos apasiona ayudar a todos nuestros pacientes a lograr la sonrisa que desean de manera rentable. Odontolog\u00eda asequible a su conveniencia es lo que hacemos. Es por eso que aceptamos casi todos los seguros, ofrecemos financiamiento flexible y tenemos nuestro propio Plan de Descuento interno para quienes no tienen seguro, para que puedan disfrutar de beneficios similares a los que tienen un seguro dental privado.<\/p>\n\n\n\n<p class=\"has-black-color has-text-color has-link-color has-medium-font-size wp-elements-d1cac38bd29b6e757a3bd26823f3a6db\"><strong>\u00bfSin seguro? Ning\u00fan problema. \u00a1A\u00fan puedes ahorrar en atenci\u00f3n dental!<\/strong><\/p>\n\n\n\n<p class=\"has-black-color has-text-color has-link-color has-medium-font-size wp-elements-27b4ba3d7b3a9f690dd461bf629bb1e8\">\u00bfActualmente no tiene seguro o tiene un seguro insuficiente? Si usted es como millones de estadounidenses, probablemente est\u00e9 familiarizado con el estr\u00e9s de encontrar atenci\u00f3n dental de calidad a un costo que se ajuste a su presupuesto. Es por eso que en Madison Square Family Dental hemos dise\u00f1ado un plan de descuento para quienes no tienen seguro dental.<\/p>\n\n\n\n<hr class=\"wp-block-separator has-text-color has-light-green-cyan-color has-alpha-channel-opacity has-light-green-cyan-background-color has-background is-style-wide\"\/>\n\n\n\n<p class=\"has-black-color has-text-color has-link-color has-medium-font-size wp-elements-694c31fb5d8f81121bdfc275d4589886\"><strong>Acerca de nuestro plan de descuento<\/strong><\/p>\n\n\n\n<p class=\"has-black-color has-text-color has-link-color has-medium-font-size wp-elements-e9c40e8c2f3525538e742c331aff3c96\">Dos ex\u00e1menes, radiograf\u00edas y limpiezas peri\u00f3dicas al a\u00f1o (en ausencia de enfermedad de las enc\u00edas)<\/p>\n\n\n\n<p class=\"has-black-color has-text-color has-link-color has-medium-font-size wp-elements-5896d56143fcd60dd5ca3010ad2f4c02\">25% de descuento en cada procedimiento*<br>Sin l\u00edmite anual<br>Sin periodo de espera<br>$25\/mes<\/p>\n\n\n\n<p class=\"has-black-color has-text-color has-link-color has-medium-font-size wp-elements-412a0df841d352d4182efd57850cdc5e\">Se requiere membres\u00eda por un a\u00f1o ($300) al momento de la inscripci\u00f3n. $250 para el 2do miembro de la familia. $200 por cada miembro adicional de la familia. Disponemos de financiaci\u00f3n sin intereses. La membres\u00eda no se puede combinar con un seguro dental convencional ni con ninguna otra oferta especial.<\/p>\n\n\n\n<p class=\"has-black-color has-text-color has-link-color has-medium-font-size wp-elements-b8d732580d31bc862648969e4d2b19ec\">*el descuento se basa en la tarifa UCR<\/p>\n\n\n\n<p class=\"has-black-color has-text-color has-link-color has-medium-font-size wp-elements-61f23d83e773e8543509127139d7d8bb\">Llame a nuestro equipo para obtener m\u00e1s informaci\u00f3n sobre sus opciones financieras en Madison Square Family Dental. N\u00famero de tel\u00e9fono&nbsp;<a href=\"tel:615-280-6074\"><em><mark style=\"background-color:rgba(0, 0, 0, 0)\" class=\"has-inline-color has-light-green-cyan-color\">615-280-6074<\/mark><\/em><\/a><\/p>\n\n\n\n<hr class=\"wp-block-separator has-text-color has-light-green-cyan-color has-alpha-channel-opacity has-light-green-cyan-background-color has-background is-style-wide\"\/>\n\n\n\n<p class=\"has-black-color has-text-color has-link-color has-medium-font-size wp-elements-d7738d3b50a4a6200f38b156f237a0d0\"><strong>Seguro <\/strong><\/p>\n\n\n\n<p class=\"has-black-color has-text-color has-link-color has-medium-font-size wp-elements-c1c85d60431e35e912565b95d4d59583\">Estamos dentro de la red con las principales compa\u00f1\u00edas de seguros.<\/p>\n\n\n\n<p class=\"has-black-color has-text-color has-link-color has-medium-font-size wp-elements-1071ef54b16aa08d229156e83f540d40\">Ll\u00e1manos para programar tu pr\u00f3xima limpieza al&nbsp;<a href=\"tel:615-280-6074\"><em><mark style=\"background-color:rgba(0, 0, 0, 0)\" class=\"has-inline-color has-light-green-cyan-color\">615-280-6074<\/mark><\/em><\/a><\/p>\n\n\n\n<p class=\"has-black-color has-text-color has-link-color has-medium-font-size wp-elements-33e2d843c67311b654645139b3b00085\"><strong>FSA y HSA<\/strong><\/p>\n\n\n\n<p class=\"has-black-color has-text-color has-link-color has-medium-font-size wp-elements-517d79391a5207ec70bb71ec8d042bdb\">Aceptamos ambos para que pueda utilizar el dinero que ya ha reservado para sus necesidades dentales tan necesarias.<\/p>\n\n\n<div class=\"wp-block-image\">\n<figure class=\"alignleft\"><img loading=\"lazy\" decoding=\"async\" width=\"300\" height=\"66\" src=\"https:\/\/madisonsquarefamilydental.com\/wp-content\/uploads\/2016\/11\/careCredit.png\" alt=\"carecredit\" class=\"wp-image-1179\"\/><\/figure>\n<\/div>\n\n\n<p class=\"has-black-color has-text-color has-link-color has-medium-font-size wp-elements-d1b43e2d3507433e965c35bf7b67dae5\">Plan de financiaci\u00f3n centrado en el paciente que funciona como una tarjeta de cr\u00e9dito<br>Le permite pagar facturas m\u00e9dicas mediante pagos mensuales asequibles<br>Sin intereses siempre que pague el total al final de su plan<\/p>","protected":false},"excerpt":{"rendered":"<p>At Madison Square Family Dental, we are passionate about helping all of our patients achieve the smile they want cost-effectively. Affordable dentistry at your convenience is what we do. That\u2019s why we accept almost all insurances, offer flexible financing, and have our own in-house Discount Plan for those without insurance so they can enjoy similar [&hellip;]<\/p>\n","protected":false},"author":1,"featured_media":0,"parent":0,"menu_order":0,"comment_status":"closed","ping_status":"closed","template":"","meta":{"footnotes":""},"class_list":["post-1107","page","type-page","status-publish","hentry"],"yoast_head":"<!-- This site is optimized with the Yoast SEO plugin v21.7 - https:\/\/yoast.com\/wordpress\/plugins\/seo\/ -->\n<title>Dentist in La Vergne, Smyrna &amp; Antioch, TN | Cosmetic &amp; Emergency Dentist<\/title>\n<meta name=\"description\" content=\"Top Dentist in La Vergne, Smyrna, and Antioch, TN offers family dentistry, cosmetic dentistry, emergency dentistry services, including smile makeovers and dental implants.\" \/>\n<meta name=\"robots\" content=\"index, follow, max-snippet:-1, max-image-preview:large, max-video-preview:-1\" \/>\n<link rel=\"canonical\" href=\"https:\/\/madisonsquarefamilydental.com\/es\/financial\/\" \/>\n<meta property=\"og:locale\" content=\"es_MX\" \/>\n<meta property=\"og:type\" content=\"article\" \/>\n<meta property=\"og:title\" content=\"Dentist in La Vergne, Smyrna &amp; Antioch, TN | Cosmetic &amp; Emergency Dentist\" \/>\n<meta property=\"og:description\" content=\"Top Dentist in La Vergne, Smyrna, and Antioch, TN offers family dentistry, cosmetic dentistry, emergency dentistry services, including smile makeovers and dental implants.\" \/>\n<meta property=\"og:url\" content=\"https:\/\/madisonsquarefamilydental.com\/es\/financial\/\" \/>\n<meta property=\"og:site_name\" content=\"615-280-6074\" \/>\n<meta property=\"article:publisher\" content=\"https:\/\/www.facebook.com\/MadisonSquareFamilyDental\/\" \/>\n<meta property=\"article:modified_time\" content=\"2023-12-28T06:35:55+00:00\" \/>\n<meta property=\"og:image\" content=\"https:\/\/madisonsquarefamilydental.com\/wp-content\/uploads\/2016\/11\/careCredit.png\" \/>\n<meta name=\"twitter:card\" content=\"summary_large_image\" \/>\n<meta name=\"twitter:label1\" content=\"Tiempo de lectura\" \/>\n\t<meta name=\"twitter:data1\" content=\"2 minutos\" \/>\n<script type=\"application\/ld+json\" class=\"yoast-schema-graph\">{\"@context\":\"https:\/\/schema.org\",\"@graph\":[{\"@type\":\"WebPage\",\"@id\":\"https:\/\/madisonsquarefamilydental.com\/en\/financial\/\",\"url\":\"https:\/\/madisonsquarefamilydental.com\/en\/financial\/\",\"name\":\"Dentist in La Vergne, Smyrna & Antioch, TN | Cosmetic & Emergency Dentist\",\"isPartOf\":{\"@id\":\"https:\/\/madisonsquarefamilydental.com\/en\/#website\"},\"datePublished\":\"2016-11-14T12:13:32+00:00\",\"dateModified\":\"2023-12-28T06:35:55+00:00\",\"description\":\"Top Dentist in La Vergne, Smyrna, and Antioch, TN offers family dentistry, cosmetic dentistry, emergency dentistry services, including smile makeovers and dental implants.\",\"breadcrumb\":{\"@id\":\"https:\/\/madisonsquarefamilydental.com\/en\/financial\/#breadcrumb\"},\"inLanguage\":\"es\",\"potentialAction\":[{\"@type\":\"ReadAction\",\"target\":[\"https:\/\/madisonsquarefamilydental.com\/en\/financial\/\"]}]},{\"@type\":\"BreadcrumbList\",\"@id\":\"https:\/\/madisonsquarefamilydental.com\/en\/financial\/#breadcrumb\",\"itemListElement\":[{\"@type\":\"ListItem\",\"position\":1,\"name\":\"Home\",\"item\":\"https:\/\/madisonsquarefamilydental.com\/en\/\"},{\"@type\":\"ListItem\",\"position\":2,\"name\":\"Financial\"}]},{\"@type\":\"WebSite\",\"@id\":\"https:\/\/madisonsquarefamilydental.com\/en\/#website\",\"url\":\"https:\/\/madisonsquarefamilydental.com\/en\/\",\"name\":\"615-280-6074\",\"description\":\"1925 Madison Square Blvd, Suite 500, LaVergne, TN 37086\",\"publisher\":{\"@id\":\"https:\/\/madisonsquarefamilydental.com\/en\/#organization\"},\"potentialAction\":[{\"@type\":\"SearchAction\",\"target\":{\"@type\":\"EntryPoint\",\"urlTemplate\":\"https:\/\/madisonsquarefamilydental.com\/en\/?s={search_term_string}\"},\"query-input\":\"required name=search_term_string\"}],\"inLanguage\":\"es\"},{\"@type\":\"Organization\",\"@id\":\"https:\/\/madisonsquarefamilydental.com\/en\/#organization\",\"name\":\"Madison Square Family Dental\",\"url\":\"https:\/\/madisonsquarefamilydental.com\/en\/\",\"logo\":{\"@type\":\"ImageObject\",\"inLanguage\":\"es\",\"@id\":\"https:\/\/madisonsquarefamilydental.com\/en\/#\/schema\/logo\/image\/\",\"url\":\"https:\/\/madisonsquarefamilydental.com\/wp-content\/uploads\/2017\/02\/logotype-v2.png\",\"contentUrl\":\"https:\/\/madisonsquarefamilydental.com\/wp-content\/uploads\/2017\/02\/logotype-v2.png\",\"width\":102,\"height\":91,\"caption\":\"Madison Square Family Dental\"},\"image\":{\"@id\":\"https:\/\/madisonsquarefamilydental.com\/en\/#\/schema\/logo\/image\/\"},\"sameAs\":[\"https:\/\/www.facebook.com\/MadisonSquareFamilyDental\/\"]}]}<\/script>\n<!-- \/ Yoast SEO plugin. -->","yoast_head_json":{"title":"Dentist in La Vergne, Smyrna & Antioch, TN | Cosmetic & Emergency Dentist","description":"Top Dentist in La Vergne, Smyrna, and Antioch, TN offers family dentistry, cosmetic dentistry, emergency dentistry services, including smile makeovers and dental implants.","robots":{"index":"index","follow":"follow","max-snippet":"max-snippet:-1","max-image-preview":"max-image-preview:large","max-video-preview":"max-video-preview:-1"},"canonical":"https:\/\/madisonsquarefamilydental.com\/es\/financial\/","og_locale":"es_MX","og_type":"article","og_title":"Dentist in La Vergne, Smyrna & Antioch, TN | Cosmetic & Emergency Dentist","og_description":"Top Dentist in La Vergne, Smyrna, and Antioch, TN offers family dentistry, cosmetic dentistry, emergency dentistry services, including smile makeovers and dental implants.","og_url":"https:\/\/madisonsquarefamilydental.com\/es\/financial\/","og_site_name":"615-280-6074","article_publisher":"https:\/\/www.facebook.com\/MadisonSquareFamilyDental\/","article_modified_time":"2023-12-28T06:35:55+00:00","og_image":[{"url":"https:\/\/madisonsquarefamilydental.com\/wp-content\/uploads\/2016\/11\/careCredit.png"}],"twitter_card":"summary_large_image","twitter_misc":{"Tiempo de lectura":"2 minutos"},"schema":{"@context":"https:\/\/schema.org","@graph":[{"@type":"WebPage","@id":"https:\/\/madisonsquarefamilydental.com\/en\/financial\/","url":"https:\/\/madisonsquarefamilydental.com\/en\/financial\/","name":"Dentist in La Vergne, Smyrna & Antioch, TN | Cosmetic & Emergency Dentist","isPartOf":{"@id":"https:\/\/madisonsquarefamilydental.com\/en\/#website"},"datePublished":"2016-11-14T12:13:32+00:00","dateModified":"2023-12-28T06:35:55+00:00","description":"Top Dentist in La Vergne, Smyrna, and Antioch, TN offers family dentistry, cosmetic dentistry, emergency dentistry services, including smile makeovers and dental implants.","breadcrumb":{"@id":"https:\/\/madisonsquarefamilydental.com\/en\/financial\/#breadcrumb"},"inLanguage":"es","potentialAction":[{"@type":"ReadAction","target":["https:\/\/madisonsquarefamilydental.com\/en\/financial\/"]}]},{"@type":"BreadcrumbList","@id":"https:\/\/madisonsquarefamilydental.com\/en\/financial\/#breadcrumb","itemListElement":[{"@type":"ListItem","position":1,"name":"Home","item":"https:\/\/madisonsquarefamilydental.com\/en\/"},{"@type":"ListItem","position":2,"name":"Financial"}]},{"@type":"WebSite","@id":"https:\/\/madisonsquarefamilydental.com\/en\/#website","url":"https:\/\/madisonsquarefamilydental.com\/en\/","name":"615-280-6074","description":"1925 Madison Square Blvd, Suite 500, LaVergne, TN 37086","publisher":{"@id":"https:\/\/madisonsquarefamilydental.com\/en\/#organization"},"potentialAction":[{"@type":"SearchAction","target":{"@type":"EntryPoint","urlTemplate":"https:\/\/madisonsquarefamilydental.com\/en\/?s={search_term_string}"},"query-input":"required name=search_term_string"}],"inLanguage":"es"},{"@type":"Organization","@id":"https:\/\/madisonsquarefamilydental.com\/en\/#organization","name":"Madison Square Family Dental","url":"https:\/\/madisonsquarefamilydental.com\/en\/","logo":{"@type":"ImageObject","inLanguage":"es","@id":"https:\/\/madisonsquarefamilydental.com\/en\/#\/schema\/logo\/image\/","url":"https:\/\/madisonsquarefamilydental.com\/wp-content\/uploads\/2017\/02\/logotype-v2.png","contentUrl":"https:\/\/madisonsquarefamilydental.com\/wp-content\/uploads\/2017\/02\/logotype-v2.png","width":102,"height":91,"caption":"Madison Square Family Dental"},"image":{"@id":"https:\/\/madisonsquarefamilydental.com\/en\/#\/schema\/logo\/image\/"},"sameAs":["https:\/\/www.facebook.com\/MadisonSquareFamilyDental\/"]}]}},"_links":{"self":[{"href":"https:\/\/madisonsquarefamilydental.com\/es\/wp-json\/wp\/v2\/pages\/1107","targetHints":{"allow":["GET"]}}],"collection":[{"href":"https:\/\/madisonsquarefamilydental.com\/es\/wp-json\/wp\/v2\/pages"}],"about":[{"href":"https:\/\/madisonsquarefamilydental.com\/es\/wp-json\/wp\/v2\/types\/page"}],"author":[{"embeddable":true,"href":"https:\/\/madisonsquarefamilydental.com\/es\/wp-json\/wp\/v2\/users\/1"}],"replies":[{"embeddable":true,"href":"https:\/\/madisonsquarefamilydental.com\/es\/wp-json\/wp\/v2\/comments?post=1107"}],"version-history":[{"count":19,"href":"https:\/\/madisonsquarefamilydental.com\/es\/wp-json\/wp\/v2\/pages\/1107\/revisions"}],"predecessor-version":[{"id":1597,"href":"https:\/\/madisonsquarefamilydental.com\/es\/wp-json\/wp\/v2\/pages\/1107\/revisions\/1597"}],"wp:attachment":[{"href":"https:\/\/madisonsquarefamilydental.com\/es\/wp-json\/wp\/v2\/media?parent=1107"}],"curies":[{"name":"wp","href":"https:\/\/api.w.org\/{rel}","templated":true}]}}