{"id":1105,"date":"2016-11-14T12:12:56","date_gmt":"2016-11-14T12:12:56","guid":{"rendered":"https:\/\/madisonsquarefamilydental.com\/?page_id=1105"},"modified":"2024-01-02T15:26:50","modified_gmt":"2024-01-02T15:26:50","slug":"first-visit","status":"publish","type":"page","link":"https:\/\/madisonsquarefamilydental.com\/es\/first-visit\/","title":{"rendered":"Primera Visita"},"content":{"rendered":"<p class=\"has-black-color has-text-color has-link-color has-medium-font-size wp-elements-882b199329f39fe833723c7b6a04abde\"><strong>Pacientes Nuevos y Establecidos <\/strong><\/p>\n\n\n\n<p class=\"has-black-color has-text-color has-link-color has-medium-font-size wp-elements-a62ec7a4dd089de11c3a4a43716ef482\">\u00bfBusca un nuevo dentista en el \u00e1rea de Nashville, LaVergne, Antioch o Smyrna? Visite Madison Square Family Dental, su consultorio dental privado local, para recibir atenci\u00f3n dental de calidad a un precio asequible en horarios convenientes, incluidos los s\u00e1bados. Tambi\u00e9n ofrecemos citas en bloques familiares donde todos los miembros de su familia pueden ser atendidos al mismo tiempo o consecutivamente, para que no tenga que perder tiempo conduciendo de un lado a otro para m\u00faltiples visitas. Como dentista de urgencia de referencia en el \u00e1rea, siempre estamos aqu\u00ed para ayudarlo cuando tenga una emergencia dental. Las citas y los tratamientos para el mismo d\u00eda siempre son bienvenidos y est\u00e1n disponibles. Estamos aqu\u00ed para ayudarle, ya sea para aliviarle el dolor o para arreglar su sonrisa para que pueda disfrutar de sonre\u00edr nuevamente. No hay necesidad de sentirse avergonzado. Siempre es un honor servir a esta maravillosa comunidad.<\/p>\n\n\n\n<p class=\"has-black-color has-text-color has-link-color has-medium-font-size wp-elements-659fbd11169b51c2d4eb9b1355e26f4b\"><strong>Llamenos al <a href=\"tel:615-280-6074\"><em><mark style=\"background-color:rgba(0, 0, 0, 0)\" class=\"has-inline-color has-light-green-cyan-color\">615-280-6074<\/mark><\/em><\/a><\/strong><\/p>\n\n\n\n<p class=\"has-black-color has-text-color has-link-color has-medium-font-size wp-elements-30d119eca857520b3480a08fe9ef0d5f\"><strong><a href=\"https:\/\/app.meetaxle.com\/onlinescheduling.aspx?practice=Madison%20Square%20Family%20Dental\">Reservar Ahora<\/a><\/strong><\/p>\n\n\n\n<hr class=\"wp-block-separator has-text-color has-light-green-cyan-color has-alpha-channel-opacity has-light-green-cyan-background-color has-background is-style-wide\"\/>\n\n\n\n<p class=\"has-black-color has-text-color has-link-color has-medium-font-size wp-elements-e70c52376983426ecd73a950b85a1342\"><strong>Pacientes de emergencia <\/strong><\/p>\n\n\n\n<p class=\"has-black-color has-text-color has-link-color has-medium-font-size wp-elements-d62cd15b849de54c99be30cadb8000d6\">Tener dolor de muelas es uno de los peores dolores que alguien pueda experimentar. Por eso, cuando busque un dentista de urgencia, lo atenderemos y le aliviaremos el dolor el mismo d\u00eda. El tratamiento el mismo d\u00eda siempre es posible porque queremos que usted desaparezca del dolor lo antes posible.<\/p>\n\n\n\n<p class=\"has-black-color has-text-color has-link-color has-medium-font-size wp-elements-96854a51e1c54b0ad46540416d1ecc1f\"><strong>Llamenos al <a href=\"tel:615-280-6074\"><em><mark style=\"background-color:rgba(0, 0, 0, 0)\" class=\"has-inline-color has-light-green-cyan-color\">615-280-6074<\/mark><\/em><\/a> o simplemente entrar<\/strong><\/p>\n\n\n\n<p class=\"has-black-color has-text-color has-link-color has-medium-font-size wp-elements-fbb158ff2e98cade9a683538a8ff4bf2\"><strong>Nuevos formularios para pacientes<\/strong><\/p>\n\n\n\n<p class=\"has-black-color has-text-color has-link-color has-medium-font-size wp-elements-b8b0fe042f3742c02aa02ca86b430bda\">Complete la siguiente documentaci\u00f3n para pacientes nuevos antes de su primera visita para garantizar una visita eficiente y efectiva. Gracias.<\/p>\n\n\n\n<p class=\"has-black-color has-text-color has-link-color has-medium-font-size wp-elements-962afde8eeb14dfd5804308da848911d\"><strong><a href=\"https:\/\/madisonsquarefamilydental.com\/wp-content\/uploads\/2017\/11\/newpatientform.pdf\"><mark style=\"background-color:rgba(0, 0, 0, 0)\" class=\"has-inline-color has-light-green-cyan-color\">Formulario de nuevo paciente<\/mark><\/a><\/strong><\/p>\n\n\n\n<p class=\"has-black-color has-text-color has-link-color has-medium-font-size wp-elements-eaceda316f6fee0c0a1520c6aae23b10\"><strong><a href=\"https:\/\/madisonsquarefamilydental.com\/wp-content\/uploads\/2017\/11\/New_Patient_Form.pdf\"><mark style=\"background-color:rgba(0, 0, 0, 0)\" class=\"has-inline-color has-light-green-cyan-color\">Pol\u00edtica de no presentaci\u00f3n<\/mark><\/a><\/strong><\/p>","protected":false},"excerpt":{"rendered":"<p>New and Established patients Looking for a new dentist in the Nashville, LaVergne, Antioch, or Smyrna area? Stop by Madison Square Family Dental, your local privately-owned dental office, to receive quality dental care at an affordable price with convenient hours, including Saturdays. We also offer family-block appointments where everyone in your family can be seen [&hellip;]<\/p>\n","protected":false},"author":1,"featured_media":0,"parent":0,"menu_order":0,"comment_status":"closed","ping_status":"closed","template":"","meta":{"footnotes":""},"class_list":["post-1105","page","type-page","status-publish","hentry"],"yoast_head":"<!-- This site is optimized with the Yoast SEO plugin v21.7 - https:\/\/yoast.com\/wordpress\/plugins\/seo\/ -->\n<title>Weekend dental appointments available for new and emergency patients<\/title>\n<meta name=\"description\" content=\"Tired of missing work or school just to go to the dentist? We offer weekend appointments! Now you can come to the dentist on Saturdays!\" \/>\n<meta name=\"robots\" content=\"index, follow, max-snippet:-1, max-image-preview:large, max-video-preview:-1\" \/>\n<link rel=\"canonical\" href=\"https:\/\/madisonsquarefamilydental.com\/es\/first-visit\/\" \/>\n<meta property=\"og:locale\" content=\"es_MX\" \/>\n<meta property=\"og:type\" content=\"article\" \/>\n<meta property=\"og:title\" content=\"Weekend dental appointments available for new and emergency patients\" \/>\n<meta property=\"og:description\" content=\"Tired of missing work or school just to go to the dentist? We offer weekend appointments! Now you can come to the dentist on Saturdays!\" \/>\n<meta property=\"og:url\" content=\"https:\/\/madisonsquarefamilydental.com\/es\/first-visit\/\" \/>\n<meta property=\"og:site_name\" content=\"615-280-6074\" \/>\n<meta property=\"article:publisher\" content=\"https:\/\/www.facebook.com\/MadisonSquareFamilyDental\/\" \/>\n<meta property=\"article:modified_time\" content=\"2024-01-02T15:26:50+00:00\" \/>\n<meta name=\"twitter:card\" content=\"summary_large_image\" \/>\n<meta name=\"twitter:label1\" content=\"Tiempo de lectura\" \/>\n\t<meta name=\"twitter:data1\" content=\"2 minutos\" \/>\n<script type=\"application\/ld+json\" class=\"yoast-schema-graph\">{\"@context\":\"https:\/\/schema.org\",\"@graph\":[{\"@type\":\"WebPage\",\"@id\":\"https:\/\/madisonsquarefamilydental.com\/en\/first-visit\/\",\"url\":\"https:\/\/madisonsquarefamilydental.com\/en\/first-visit\/\",\"name\":\"Weekend dental appointments available for new and emergency patients\",\"isPartOf\":{\"@id\":\"https:\/\/madisonsquarefamilydental.com\/en\/#website\"},\"datePublished\":\"2016-11-14T12:12:56+00:00\",\"dateModified\":\"2024-01-02T15:26:50+00:00\",\"description\":\"Tired of missing work or school just to go to the dentist? We offer weekend appointments! Now you can come to the dentist on Saturdays!\",\"breadcrumb\":{\"@id\":\"https:\/\/madisonsquarefamilydental.com\/en\/first-visit\/#breadcrumb\"},\"inLanguage\":\"es\",\"potentialAction\":[{\"@type\":\"ReadAction\",\"target\":[\"https:\/\/madisonsquarefamilydental.com\/en\/first-visit\/\"]}]},{\"@type\":\"BreadcrumbList\",\"@id\":\"https:\/\/madisonsquarefamilydental.com\/en\/first-visit\/#breadcrumb\",\"itemListElement\":[{\"@type\":\"ListItem\",\"position\":1,\"name\":\"Home\",\"item\":\"https:\/\/madisonsquarefamilydental.com\/en\/\"},{\"@type\":\"ListItem\",\"position\":2,\"name\":\"First Visit\"}]},{\"@type\":\"WebSite\",\"@id\":\"https:\/\/madisonsquarefamilydental.com\/en\/#website\",\"url\":\"https:\/\/madisonsquarefamilydental.com\/en\/\",\"name\":\"615-280-6074\",\"description\":\"1925 Madison Square Blvd, Suite 500, LaVergne, TN 37086\",\"publisher\":{\"@id\":\"https:\/\/madisonsquarefamilydental.com\/en\/#organization\"},\"potentialAction\":[{\"@type\":\"SearchAction\",\"target\":{\"@type\":\"EntryPoint\",\"urlTemplate\":\"https:\/\/madisonsquarefamilydental.com\/en\/?s={search_term_string}\"},\"query-input\":\"required name=search_term_string\"}],\"inLanguage\":\"es\"},{\"@type\":\"Organization\",\"@id\":\"https:\/\/madisonsquarefamilydental.com\/en\/#organization\",\"name\":\"Madison Square Family Dental\",\"url\":\"https:\/\/madisonsquarefamilydental.com\/en\/\",\"logo\":{\"@type\":\"ImageObject\",\"inLanguage\":\"es\",\"@id\":\"https:\/\/madisonsquarefamilydental.com\/en\/#\/schema\/logo\/image\/\",\"url\":\"https:\/\/madisonsquarefamilydental.com\/wp-content\/uploads\/2017\/02\/logotype-v2.png\",\"contentUrl\":\"https:\/\/madisonsquarefamilydental.com\/wp-content\/uploads\/2017\/02\/logotype-v2.png\",\"width\":102,\"height\":91,\"caption\":\"Madison Square Family Dental\"},\"image\":{\"@id\":\"https:\/\/madisonsquarefamilydental.com\/en\/#\/schema\/logo\/image\/\"},\"sameAs\":[\"https:\/\/www.facebook.com\/MadisonSquareFamilyDental\/\"]}]}<\/script>\n<!-- \/ Yoast SEO plugin. -->","yoast_head_json":{"title":"Weekend dental appointments available for new and emergency patients","description":"Tired of missing work or school just to go to the dentist? We offer weekend appointments! Now you can come to the dentist on Saturdays!","robots":{"index":"index","follow":"follow","max-snippet":"max-snippet:-1","max-image-preview":"max-image-preview:large","max-video-preview":"max-video-preview:-1"},"canonical":"https:\/\/madisonsquarefamilydental.com\/es\/first-visit\/","og_locale":"es_MX","og_type":"article","og_title":"Weekend dental appointments available for new and emergency patients","og_description":"Tired of missing work or school just to go to the dentist? We offer weekend appointments! Now you can come to the dentist on Saturdays!","og_url":"https:\/\/madisonsquarefamilydental.com\/es\/first-visit\/","og_site_name":"615-280-6074","article_publisher":"https:\/\/www.facebook.com\/MadisonSquareFamilyDental\/","article_modified_time":"2024-01-02T15:26:50+00:00","twitter_card":"summary_large_image","twitter_misc":{"Tiempo de lectura":"2 minutos"},"schema":{"@context":"https:\/\/schema.org","@graph":[{"@type":"WebPage","@id":"https:\/\/madisonsquarefamilydental.com\/en\/first-visit\/","url":"https:\/\/madisonsquarefamilydental.com\/en\/first-visit\/","name":"Weekend dental appointments available for new and emergency patients","isPartOf":{"@id":"https:\/\/madisonsquarefamilydental.com\/en\/#website"},"datePublished":"2016-11-14T12:12:56+00:00","dateModified":"2024-01-02T15:26:50+00:00","description":"Tired of missing work or school just to go to the dentist? We offer weekend appointments! Now you can come to the dentist on Saturdays!","breadcrumb":{"@id":"https:\/\/madisonsquarefamilydental.com\/en\/first-visit\/#breadcrumb"},"inLanguage":"es","potentialAction":[{"@type":"ReadAction","target":["https:\/\/madisonsquarefamilydental.com\/en\/first-visit\/"]}]},{"@type":"BreadcrumbList","@id":"https:\/\/madisonsquarefamilydental.com\/en\/first-visit\/#breadcrumb","itemListElement":[{"@type":"ListItem","position":1,"name":"Home","item":"https:\/\/madisonsquarefamilydental.com\/en\/"},{"@type":"ListItem","position":2,"name":"First Visit"}]},{"@type":"WebSite","@id":"https:\/\/madisonsquarefamilydental.com\/en\/#website","url":"https:\/\/madisonsquarefamilydental.com\/en\/","name":"615-280-6074","description":"1925 Madison Square Blvd, Suite 500, LaVergne, TN 37086","publisher":{"@id":"https:\/\/madisonsquarefamilydental.com\/en\/#organization"},"potentialAction":[{"@type":"SearchAction","target":{"@type":"EntryPoint","urlTemplate":"https:\/\/madisonsquarefamilydental.com\/en\/?s={search_term_string}"},"query-input":"required name=search_term_string"}],"inLanguage":"es"},{"@type":"Organization","@id":"https:\/\/madisonsquarefamilydental.com\/en\/#organization","name":"Madison Square Family Dental","url":"https:\/\/madisonsquarefamilydental.com\/en\/","logo":{"@type":"ImageObject","inLanguage":"es","@id":"https:\/\/madisonsquarefamilydental.com\/en\/#\/schema\/logo\/image\/","url":"https:\/\/madisonsquarefamilydental.com\/wp-content\/uploads\/2017\/02\/logotype-v2.png","contentUrl":"https:\/\/madisonsquarefamilydental.com\/wp-content\/uploads\/2017\/02\/logotype-v2.png","width":102,"height":91,"caption":"Madison Square Family Dental"},"image":{"@id":"https:\/\/madisonsquarefamilydental.com\/en\/#\/schema\/logo\/image\/"},"sameAs":["https:\/\/www.facebook.com\/MadisonSquareFamilyDental\/"]}]}},"_links":{"self":[{"href":"https:\/\/madisonsquarefamilydental.com\/es\/wp-json\/wp\/v2\/pages\/1105","targetHints":{"allow":["GET"]}}],"collection":[{"href":"https:\/\/madisonsquarefamilydental.com\/es\/wp-json\/wp\/v2\/pages"}],"about":[{"href":"https:\/\/madisonsquarefamilydental.com\/es\/wp-json\/wp\/v2\/types\/page"}],"author":[{"embeddable":true,"href":"https:\/\/madisonsquarefamilydental.com\/es\/wp-json\/wp\/v2\/users\/1"}],"replies":[{"embeddable":true,"href":"https:\/\/madisonsquarefamilydental.com\/es\/wp-json\/wp\/v2\/comments?post=1105"}],"version-history":[{"count":15,"href":"https:\/\/madisonsquarefamilydental.com\/es\/wp-json\/wp\/v2\/pages\/1105\/revisions"}],"predecessor-version":[{"id":1657,"href":"https:\/\/madisonsquarefamilydental.com\/es\/wp-json\/wp\/v2\/pages\/1105\/revisions\/1657"}],"wp:attachment":[{"href":"https:\/\/madisonsquarefamilydental.com\/es\/wp-json\/wp\/v2\/media?parent=1105"}],"curies":[{"name":"wp","href":"https:\/\/api.w.org\/{rel}","templated":true}]}}